{"id":108,"date":"2024-10-09T11:14:25","date_gmt":"2024-10-09T11:14:25","guid":{"rendered":"https:\/\/staropramennagradjuje.ba\/?page_id=108"},"modified":"2025-08-19T08:07:08","modified_gmt":"2025-08-19T08:07:08","slug":"dobitnici","status":"publish","type":"page","link":"https:\/\/staropramennagradjuje.ba\/index.php\/dobitnici\/","title":{"rendered":"Dobitnici"},"content":{"rendered":"\t\t<div data-elementor-type=\"wp-page\" data-elementor-id=\"108\" class=\"elementor elementor-108\">\n\t\t\t\t\t\t<section class=\"elementor-section elementor-top-section elementor-element elementor-element-54928e0 elementor-section-boxed elementor-section-height-default elementor-section-height-default\" data-id=\"54928e0\" data-element_type=\"section\" data-settings=\"{&quot;background_background&quot;:&quot;classic&quot;}\">\n\t\t\t\t\t\t<div class=\"elementor-container elementor-column-gap-default\">\n\t\t\t\t\t<div class=\"elementor-column elementor-col-100 elementor-top-column elementor-element elementor-element-2d0c581\" data-id=\"2d0c581\" data-element_type=\"column\">\n\t\t\t<div class=\"elementor-widget-wrap elementor-element-populated\">\n\t\t\t\t\t\t<div class=\"elementor-element elementor-element-ccb2f11 elementor-widget elementor-widget-text-editor\" data-id=\"ccb2f11\" data-element_type=\"widget\" data-widget_type=\"text-editor.default\">\n\t\t\t\t<div class=\"elementor-widget-container\">\n\t\t\t\t\t\t\t<p>*verifikacija ra\u010duna u toku<\/p>\t\t\t\t\t\t<\/div>\n\t\t\t\t<\/div>\n\t\t\t\t<div class=\"elementor-element elementor-element-9da2df1 elementor-widget elementor-widget-shortcode\" data-id=\"9da2df1\" data-element_type=\"widget\" id=\"scroll\" data-widget_type=\"shortcode.default\">\n\t\t\t\t<div class=\"elementor-widget-container\">\n\t\t\t\t\t<div class=\"elementor-shortcode\">\n    <div class=\"wpdt-c \">\n    \n<input type=\"hidden\" id=\"wdtNonceFrontendEdit\" name=\"wdtNonceFrontendEdit\" value=\"0ac0ec87b0\" \/><input type=\"hidden\" name=\"_wp_http_referer\" value=\"\/index.php\/wp-json\/wp\/v2\/pages\/108\" \/>    <input type=\"hidden\" id=\"table_1_desc\" value='{\"tableId\":\"table_1\",\"tableType\":\"xls\",\"selector\":\"#table_1\",\"responsive\":true,\"responsiveAction\":\"icon\",\"infoBlock\":false,\"pagination\":0,\"paginationAlign\":\"right\",\"paginationLayout\":\"full_numbers\",\"file_location\":\"wp_media_lib\",\"table_wcag\":0,\"simple_template_id\":0,\"scrollable\":false,\"globalSearch\":false,\"showRowsPerPage\":false,\"hideBeforeLoad\":true,\"pagination_top\":0,\"number_format\":1,\"decimalPlaces\":2,\"spinnerSrc\":\"https:\\\/\\\/staropramennagradjuje.ba\\\/wp-content\\\/plugins\\\/wpdatatables\\\/assets\\\/\\\/img\\\/spinner.gif\",\"groupingEnabled\":false,\"tableWpId\":1,\"dataTableParams\":{\"sDom\":\"BT\\u003C\\u0027clear\\u0027\\u003Et\",\"bSortCellsTop\":false,\"aLengthMenu\":[[1,5,10,25,50,100,-1],[1,5,10,25,50,100,\"All\"]],\"iDisplayLength\":-1,\"columnDefs\":[{\"sType\":\"string\",\"wdtType\":\"string\",\"bVisible\":true,\"orderable\":true,\"searchable\":true,\"InputType\":\"text\",\"name\":\"Nagrada\",\"origHeader\":\"Nagrada\",\"notNull\":false,\"conditionalFormattingRules\":[],\"className\":\" column-nagrada\",\"aTargets\":[0]},{\"sType\":\"string\",\"wdtType\":\"string\",\"bVisible\":true,\"orderable\":true,\"searchable\":true,\"InputType\":\"text\",\"name\":\"Dobitnik\",\"origHeader\":\"Dobitnik\",\"notNull\":false,\"conditionalFormattingRules\":[],\"className\":\" column-dobitnik\",\"aTargets\":[1]}],\"bAutoWidth\":false,\"order\":[[0,\"asc\"]],\"ordering\":true,\"buttons\":[],\"oSearch\":{\"bSmart\":false,\"bRegex\":false,\"sSearch\":\"\"}},\"currentSkin\":\"skin1\",\"tabletWidth\":\"1024\",\"mobileWidth\":\"480\",\"columnsFixed\":0,\"timeFormat\":\"h:i A\",\"datepickFormat\":\"dd\\\/mm\\\/yy\"}'\/>\n\n    <table id=\"table_1\"\n           class=\"           responsive           display nowrap data-t wpDataTable wpDataTableID-1\"\n           style=\"display: none; \"\n           data-described-by='table_1_desc'\n           data-wpdatatable_id=\"1\">\n        \n        <!-- Table header -->\n        \n<thead>\n<tr>\n                    <th\n        data-class=\"expand\"                class=\" wdtheader sort \"\n        style=\"\">Nagrada<\/th>        <th\n                        class=\" wdtheader sort \"\n        style=\"\">Dobitnik<\/th>    <\/tr>\n<\/thead>\n        <!-- \/Table header -->\n\n        <!-- Table body -->\n        \n<tbody>\n        <tr id=\"table_1_row_0\">\n                    <td style=\"\">Samsung projektor<\/td>\n                    <td style=\"\">Lazar Arsenovi\u0107, Bijeljina<\/td>\n            <\/tr>\n            <tr id=\"table_1_row_1\">\n                    <td style=\"\">Samsung projektor<\/td>\n                    <td style=\"\">Adnan Karari\u0107, Prijedor*<\/td>\n            <\/tr>\n            <tr id=\"table_1_row_2\">\n                    <td style=\"\">Samsung projektor<\/td>\n                    <td style=\"\">Vesna Marjanovi\u0107, Banja Luka<\/td>\n            <\/tr>\n            <tr id=\"table_1_row_3\">\n                    <td style=\"\">Samsung projektor<\/td>\n                    <td style=\"\">Amela Mid\u017ei\u0107, Biha\u0107<\/td>\n            <\/tr>\n            <tr id=\"table_1_row_4\">\n                    <td style=\"\">Samsung projektor<\/td>\n                    <td style=\"\">\u0160erif \u010celebi\u0107, Velika Kladu\u0161a<\/td>\n            <\/tr>\n            <tr id=\"table_1_row_5\">\n                    <td style=\"\">El.ro\u0161tilj Weber<\/td>\n                    <td style=\"\">Bojan Momi\u0107, Kotor Varo\u0161*<\/td>\n            <\/tr>\n            <tr id=\"table_1_row_6\">\n                    <td style=\"\">El.ro\u0161tilj Weber<\/td>\n                    <td style=\"\">Branko Nedi\u0107, Banja Luka<\/td>\n            <\/tr>\n            <tr id=\"table_1_row_7\">\n                    <td style=\"\">El.ro\u0161tilj Weber<\/td>\n                    <td style=\"\">Tanja Plav\u0161i\u0107, Brod<\/td>\n            <\/tr>\n            <tr id=\"table_1_row_8\">\n                    <td style=\"\">El.ro\u0161tilj Weber<\/td>\n                    <td style=\"\">Sara Softi\u0107, Jajce<\/td>\n            <\/tr>\n            <tr id=\"table_1_row_9\">\n                    <td style=\"\">Softybag<\/td>\n                    <td style=\"\">Tatjana Podra\u0161\u010danin, Banja Luka<\/td>\n            <\/tr>\n            <tr id=\"table_1_row_10\">\n                    <td style=\"\">Softybag<\/td>\n                    <td style=\"\">Jelena Filipovi\u0107 Jankovi\u0107, Banjaluka<\/td>\n            <\/tr>\n            <tr id=\"table_1_row_11\">\n                    <td style=\"\">Softybag<\/td>\n                    <td style=\"\">Neboj\u0161a Brati\u0107, Bijeljina<\/td>\n            <\/tr>\n            <tr id=\"table_1_row_12\">\n                    <td style=\"\">Softybag<\/td>\n                    <td style=\"\">Maja Vi\u0161i\u0107, Banja Luka<\/td>\n            <\/tr>\n            <tr id=\"table_1_row_13\">\n                    <td style=\"\">Softybag<\/td>\n                    <td style=\"\">Milenko Dujakovi\u0107, Banja Luka<\/td>\n            <\/tr>\n            <tr id=\"table_1_row_14\">\n                    <td style=\"\">Softybag<\/td>\n                    <td style=\"\">Igor Smoli\u0107, Gradi\u0161ka<\/td>\n            <\/tr>\n            <tr id=\"table_1_row_15\">\n                    <td style=\"\">Softybag<\/td>\n                    <td style=\"\">Nedeljko Keri\u0107, Tesli\u0107<\/td>\n            <\/tr>\n            <tr id=\"table_1_row_16\">\n                    <td style=\"\">Softybag<\/td>\n                    <td style=\"\">Lejla \u0106ehaji\u0107, Visoko*<\/td>\n            <\/tr>\n            <tr id=\"table_1_row_17\">\n                    <td style=\"\">Softybag<\/td>\n                    <td style=\"\">Zvjezdan Juri\u0107, Tuzla<\/td>\n            <\/tr>\n            <tr id=\"table_1_row_18\">\n                    <td style=\"\">Softybag<\/td>\n                    <td style=\"\">Admir Begovi\u0107, Konjic<\/td>\n            <\/tr>\n            <tr id=\"table_1_row_19\">\n                    <td style=\"\">Piknik deka<\/td>\n                    <td style=\"\">Ivica An\u0111eli\u0107, Kiseljak<\/td>\n            <\/tr>\n            <tr id=\"table_1_row_20\">\n                    <td style=\"\">Piknik deka<\/td>\n                    <td style=\"\">Alen Husejinovi\u0107, Tuzla*<\/td>\n            <\/tr>\n            <tr id=\"table_1_row_21\">\n                    <td style=\"\">Piknik deka<\/td>\n                    <td style=\"\">Sini\u0161a Simi\u0107, Tuzla<\/td>\n            <\/tr>\n            <tr id=\"table_1_row_22\">\n                    <td style=\"\">Piknik deka<\/td>\n                    <td style=\"\">Aldin Kurti\u0107, Zenica<\/td>\n            <\/tr>\n            <tr id=\"table_1_row_23\">\n                    <td style=\"\">Piknik deka<\/td>\n                    <td style=\"\">Emina Sinanovi\u0107, Tuzla*<\/td>\n            <\/tr>\n            <tr id=\"table_1_row_24\">\n                    <td style=\"\">Piknik deka<\/td>\n                    <td style=\"\">Darko Andre\u010denko, Sarajevo<\/td>\n            <\/tr>\n            <tr id=\"table_1_row_25\">\n                    <td style=\"\">Piknik deka<\/td>\n                    <td style=\"\">Sanel Kartal, Biha\u0107<\/td>\n            <\/tr>\n            <tr id=\"table_1_row_26\">\n                    <td style=\"\">Piknik deka<\/td>\n                    <td style=\"\">Goran Dra\u010dina, Sarajevo<\/td>\n            <\/tr>\n            <tr id=\"table_1_row_27\">\n                    <td style=\"\">Piknik deka<\/td>\n                    <td style=\"\">Stela Majki\u0107, Novi Grad<\/td>\n            <\/tr>\n            <tr id=\"table_1_row_28\">\n                    <td style=\"\">Piknik deka<\/td>\n                    <td style=\"\">Rade Cicovi\u0107, Trebinje<\/td>\n            <\/tr>\n            <tr id=\"table_1_row_29\">\n                    <td style=\"\">Piknik deka<\/td>\n                    <td style=\"\">Jasna Male\u0161evi\u0107, Kozarska Dubica<\/td>\n            <\/tr>\n            <tr id=\"table_1_row_30\">\n                    <td style=\"\">Piknik deka<\/td>\n                    <td style=\"\">Jovana Mitrovi\u0107, Banja Luka<\/td>\n            <\/tr>\n            <tr id=\"table_1_row_31\">\n                    <td style=\"\">Piknik deka<\/td>\n                    <td style=\"\">Suzana Blagojevi\u0107, Banja Luka<\/td>\n            <\/tr>\n            <tr id=\"table_1_row_32\">\n                    <td style=\"\">Piknik deka<\/td>\n                    <td style=\"\">Milijana Simeti\u0107, Mrkonji\u0107 Grad<\/td>\n            <\/tr>\n            <tr id=\"table_1_row_33\">\n                    <td style=\"\">Piknik deka<\/td>\n                    <td style=\"\">Sava Jovi\u0107, Modri\u010da<\/td>\n            <\/tr>\n            <tr id=\"table_1_row_34\">\n                    <td style=\"\">Piknik deka<\/td>\n                    <td style=\"\">Mladen Ba\u0161i\u0107, Zvornik<\/td>\n            <\/tr>\n            <tr id=\"table_1_row_35\">\n                    <td style=\"\">Piknik deka<\/td>\n                    <td style=\"\">Zdravko \u0106azi\u0107, Novi Grad<\/td>\n            <\/tr>\n            <tr id=\"table_1_row_36\">\n                    <td style=\"\">Piknik deka<\/td>\n                    <td style=\"\">Vedrana Umi\u0107evi\u0107, Lakta\u0161i<\/td>\n            <\/tr>\n            <tr id=\"table_1_row_37\">\n                    <td style=\"\">Piknik deka<\/td>\n                    <td style=\"\">Vesna Rokvi\u0107, Banja Luka<\/td>\n            <\/tr>\n            <tr id=\"table_1_row_38\">\n                    <td style=\"\">Piknik deka<\/td>\n                    <td style=\"\">Zanina Bobi\u0107, Banja Luka*<\/td>\n            <\/tr>\n            <tr id=\"table_1_row_39\">\n                    <td style=\"\">Piknik deka<\/td>\n                    <td style=\"\">Stojanovi\u0107 Dijana, Prijedor<\/td>\n            <\/tr>\n            <tr id=\"table_1_row_40\">\n                    <td style=\"\">Piknik deka<\/td>\n                    <td style=\"\">Dobrina Kupusovi\u0107, Bijeljina<\/td>\n            <\/tr>\n            <tr id=\"table_1_row_41\">\n                    <td style=\"\">Piknik deka<\/td>\n                    <td style=\"\">Jovica Trbi\u0107, Banjaluka<\/td>\n            <\/tr>\n            <tr id=\"table_1_row_42\">\n                    <td style=\"\">Ro\u0161tiljski set<\/td>\n                    <td style=\"\">Tamara Milojevi\u0107, Modri\u010da<\/td>\n            <\/tr>\n            <tr id=\"table_1_row_43\">\n                    <td style=\"\">Ro\u0161tiljski set<\/td>\n                    <td style=\"\">Jelisavka Sko\u010daji\u0107, Nevesinje<\/td>\n            <\/tr>\n            <tr id=\"table_1_row_44\">\n                    <td style=\"\">Ro\u0161tiljski set<\/td>\n                    <td style=\"\">Radivoj Mili\u0107, Trebinje<\/td>\n            <\/tr>\n            <tr id=\"table_1_row_45\">\n                    <td style=\"\">Ro\u0161tiljski set<\/td>\n                    <td style=\"\">Tatjana Vrhovac, Lakta\u0161i<\/td>\n            <\/tr>\n            <tr id=\"table_1_row_46\">\n                    <td style=\"\">Ro\u0161tiljski set<\/td>\n                    <td style=\"\">Zoran Erbez, Isto\u010dno Sarajevo<\/td>\n            <\/tr>\n            <tr id=\"table_1_row_47\">\n                    <td style=\"\">Ro\u0161tiljski set<\/td>\n                    <td style=\"\">\u017deljko Grublje\u0161i\u0107, Prijedor<\/td>\n            <\/tr>\n            <tr id=\"table_1_row_48\">\n                    <td style=\"\">Ro\u0161tiljski set<\/td>\n                    <td style=\"\">\u017deljko Bogdanovi\u0107, Prijedor<\/td>\n            <\/tr>\n            <tr id=\"table_1_row_49\">\n                    <td style=\"\">Ro\u0161tiljski set<\/td>\n                    <td style=\"\">Stanislav Cvijanovi\u0107, \u0160amac<\/td>\n            <\/tr>\n            <tr id=\"table_1_row_50\">\n                    <td style=\"\">Ro\u0161tiljski set<\/td>\n                    <td style=\"\">Slavi\u0161a Kvr\u017ei\u0107, Banjaluka<\/td>\n            <\/tr>\n            <tr id=\"table_1_row_51\">\n                    <td style=\"\">Ro\u0161tiljski set<\/td>\n                    <td style=\"\">Violeta Velemir, Bijeljina<\/td>\n            <\/tr>\n            <tr id=\"table_1_row_52\">\n                    <td style=\"\">Ro\u0161tiljski set<\/td>\n                    <td style=\"\">Teodora Nata\u0161a Dragi\u0161i\u0107, Banja Luka<\/td>\n            <\/tr>\n            <tr id=\"table_1_row_53\">\n                    <td style=\"\">Ro\u0161tiljski set<\/td>\n                    <td style=\"\">Dra\u017eenko Blazi\u0107, Doboj<\/td>\n            <\/tr>\n            <tr id=\"table_1_row_54\">\n                    <td style=\"\">Ro\u0161tiljski set<\/td>\n                    <td style=\"\">Danijel Jovanovi\u0107, Bijeljina<\/td>\n            <\/tr>\n            <tr id=\"table_1_row_55\">\n                    <td style=\"\">Ro\u0161tiljski set<\/td>\n                    <td style=\"\">Nikola Vuji\u0107, Trebinje<\/td>\n            <\/tr>\n            <tr id=\"table_1_row_56\">\n                    <td style=\"\">Ro\u0161tiljski set<\/td>\n                    <td style=\"\">Dragana Kova\u010devi\u0107 Hrki\u0107, Banja Luka<\/td>\n            <\/tr>\n            <tr id=\"table_1_row_57\">\n                    <td style=\"\">Ro\u0161tiljski set<\/td>\n                    <td style=\"\">Danijela Gaji\u0107, Doboj<\/td>\n            <\/tr>\n            <tr id=\"table_1_row_58\">\n                    <td style=\"\">Ro\u0161tiljski set<\/td>\n                    <td style=\"\">Mladen Matija\u0161, Prijedor<\/td>\n            <\/tr>\n            <tr id=\"table_1_row_59\">\n                    <td style=\"\">Ro\u0161tiljski set<\/td>\n                    <td style=\"\">Milica Dele\u017ean, Banja Luka<\/td>\n            <\/tr>\n            <tr id=\"table_1_row_60\">\n                    <td style=\"\">Ro\u0161tiljski set<\/td>\n                    <td style=\"\">\u017deljko Trivkovi\u0107, Banja Luka<\/td>\n            <\/tr>\n            <tr id=\"table_1_row_61\">\n                    <td style=\"\">Ro\u0161tiljski set<\/td>\n                    <td style=\"\">Neboj\u0161a Vukoje, Trebinje<\/td>\n            <\/tr>\n            <tr id=\"table_1_row_62\">\n                    <td style=\"\">Ro\u0161tiljski set<\/td>\n                    <td style=\"\">Sanja Kondi\u0107, Prijedor<\/td>\n            <\/tr>\n            <tr id=\"table_1_row_63\">\n                    <td style=\"\">Ro\u0161tiljski set<\/td>\n                    <td style=\"\">Nada Majki\u0107, Novi Grad<\/td>\n            <\/tr>\n            <tr id=\"table_1_row_64\">\n                    <td style=\"\">Ro\u0161tiljski set<\/td>\n                    <td style=\"\">Ljubica \u0160upi\u0107, Trebinje*<\/td>\n            <\/tr>\n            <tr id=\"table_1_row_65\">\n                    <td style=\"\">Ro\u0161tiljski set<\/td>\n                    <td style=\"\">Marko Ubiparipovi\u0107, Bratunac<\/td>\n            <\/tr>\n            <tr id=\"table_1_row_66\">\n                    <td style=\"\">Ro\u0161tiljski set<\/td>\n                    <td style=\"\">Slobodan A\u0161onja, Isto\u010dno Sarajevo<\/td>\n            <\/tr>\n            <tr id=\"table_1_row_67\">\n                    <td style=\"\">Ro\u0161tiljski set<\/td>\n                    <td style=\"\">Ivana Ra\u0161evi\u0107 Lalovi\u0107, Isto\u010dno Sarajevo<\/td>\n            <\/tr>\n            <tr id=\"table_1_row_68\">\n                    <td style=\"\">Ro\u0161tiljski set<\/td>\n                    <td style=\"\">Sini\u0161a Koki\u0107, Brod<\/td>\n            <\/tr>\n            <tr id=\"table_1_row_69\">\n                    <td style=\"\">Ro\u0161tiljski set<\/td>\n                    <td style=\"\">Daki\u0107 Tanja, \u0160ipovo<\/td>\n            <\/tr>\n            <tr id=\"table_1_row_70\">\n                    <td style=\"\">Ro\u0161tiljski set<\/td>\n                    <td style=\"\">Slobodan Cvjetkovi\u0107, Isto\u010dno Sarajevo<\/td>\n            <\/tr>\n            <tr id=\"table_1_row_71\">\n                    <td style=\"\">Ro\u0161tiljski set<\/td>\n                    <td style=\"\">Stefan Dendi\u0107, Zvornik<\/td>\n            <\/tr>\n            <tr id=\"table_1_row_72\">\n                    <td style=\"\">Ro\u0161tiljski set<\/td>\n                    <td style=\"\">Vesna Mitri\u0107, Bijeljina*<\/td>\n            <\/tr>\n            <tr id=\"table_1_row_73\">\n                    <td style=\"\">Ro\u0161tiljski set<\/td>\n                    <td style=\"\">Predrag Stani\u0161i\u0107, Lukavica<\/td>\n            <\/tr>\n            <tr id=\"table_1_row_74\">\n                    <td style=\"\">Ro\u0161tiljski set<\/td>\n                    <td style=\"\">\u017divka Peru\u0161i\u0107, Zvornik<\/td>\n            <\/tr>\n            <tr id=\"table_1_row_75\">\n                    <td style=\"\">Ro\u0161tiljski set<\/td>\n                    <td style=\"\">Borislav Staji\u0107, Trebinje<\/td>\n            <\/tr>\n            <tr id=\"table_1_row_76\">\n                    <td style=\"\">Ro\u0161tiljski set<\/td>\n                    <td style=\"\">Miroslav Milovuk, Banja Luka*<\/td>\n            <\/tr>\n            <tr id=\"table_1_row_77\">\n                    <td style=\"\">Poklon paket<\/td>\n                    <td style=\"\">Popovi\u0107 Biljana, Trebinje<\/td>\n            <\/tr>\n            <tr id=\"table_1_row_78\">\n                    <td style=\"\">Poklon paket<\/td>\n                    <td style=\"\">Dejan Lu\u017eaji\u0107, Isto\u010dno Sarajevo<\/td>\n            <\/tr>\n            <tr id=\"table_1_row_79\">\n                    <td style=\"\">Poklon paket<\/td>\n                    <td style=\"\">Jelena Mili\u0107, Trebinje<\/td>\n            <\/tr>\n            <tr id=\"table_1_row_80\">\n                    <td style=\"\">Poklon paket<\/td>\n                    <td style=\"\">Vladimir Vranje\u0161, Prijedor<\/td>\n            <\/tr>\n            <tr id=\"table_1_row_81\">\n                    <td style=\"\">Poklon paket<\/td>\n                    <td style=\"\">\u0110or\u0111e Obradovi\u0107, Nova Topola<\/td>\n            <\/tr>\n            <tr id=\"table_1_row_82\">\n                    <td style=\"\">Poklon paket<\/td>\n                    <td style=\"\">Dragan Davidovi\u0107, Isto\u010dno Sarajevo<\/td>\n            <\/tr>\n            <tr id=\"table_1_row_83\">\n                    <td style=\"\">Poklon paket<\/td>\n                    <td style=\"\">Aleksandra Kolak, Banjaluka<\/td>\n            <\/tr>\n            <tr id=\"table_1_row_84\">\n                    <td style=\"\">Poklon paket<\/td>\n                    <td style=\"\">Ljiljana Rankovi\u0107, Bratunac*<\/td>\n            <\/tr>\n            <tr id=\"table_1_row_85\">\n                    <td style=\"\">Poklon paket<\/td>\n                    <td style=\"\">Sava Mom\u010di\u010devi\u0107, Modri\u010da<\/td>\n            <\/tr>\n            <tr id=\"table_1_row_86\">\n                    <td style=\"\">Poklon paket<\/td>\n                    <td style=\"\">Ljubi\u0161a Dun\u0111er, Bile\u0107a<\/td>\n            <\/tr>\n            <tr id=\"table_1_row_87\">\n                    <td style=\"\">Poklon paket<\/td>\n                    <td style=\"\">Dino Crnki\u0107, Prijedor<\/td>\n            <\/tr>\n            <tr id=\"table_1_row_88\">\n                    <td style=\"\">Poklon paket<\/td>\n                    <td style=\"\">Dejan Goli\u0107, Gradi\u0161ka<\/td>\n            <\/tr>\n            <tr id=\"table_1_row_89\">\n                    <td style=\"\">Poklon paket<\/td>\n                    <td style=\"\">Stefan \u0110ukanovi\u0107, Zvornik<\/td>\n            <\/tr>\n            <tr id=\"table_1_row_90\">\n                    <td style=\"\">Poklon paket<\/td>\n                    <td style=\"\">Goran Daki\u0107, \u0160ipovo<\/td>\n            <\/tr>\n            <tr id=\"table_1_row_91\">\n                    <td style=\"\">Poklon paket<\/td>\n                    <td style=\"\">Rade Milunovi\u0107, Isto\u010dno Sarajevo<\/td>\n            <\/tr>\n            <tr id=\"table_1_row_92\">\n                    <td style=\"\">Poklon paket<\/td>\n                    <td style=\"\">Branko Milo\u0161evi\u0107. Isto\u010dno Sarajevo<\/td>\n            <\/tr>\n            <tr id=\"table_1_row_93\">\n                    <td style=\"\">Poklon paket<\/td>\n                    <td style=\"\">Nemanja Kostovski, Banja Luka<\/td>\n            <\/tr>\n            <tr id=\"table_1_row_94\">\n                    <td style=\"\">Poklon paket<\/td>\n                    <td style=\"\">Danijela Golubovi\u0107 Vujanovi\u0107, Mrkonji\u0107 Grad<\/td>\n            <\/tr>\n            <tr id=\"table_1_row_95\">\n                    <td style=\"\">Poklon paket<\/td>\n                    <td style=\"\">Dajana Deli\u0107, Trebinje<\/td>\n            <\/tr>\n            <tr id=\"table_1_row_96\">\n                    <td style=\"\">Poklon paket<\/td>\n                    <td style=\"\">Branko Koprivica, Pale*<\/td>\n            <\/tr>\n            <tr id=\"table_1_row_97\">\n                    <td style=\"\">Poklon paket<\/td>\n                    <td style=\"\">Savo \u0160ilj, Isto\u010dno Sarajevo<\/td>\n            <\/tr>\n            <tr id=\"table_1_row_98\">\n                    <td style=\"\">Poklon paket<\/td>\n                    <td style=\"\">Vedran Kraji\u0161nik, Banja Luka*<\/td>\n            <\/tr>\n            <tr id=\"table_1_row_99\">\n                    <td style=\"\">Poklon paket<\/td>\n                    <td style=\"\">Despot Gavranovi\u0107, Banja Luka<\/td>\n            <\/tr>\n            <tr id=\"table_1_row_100\">\n                    <td style=\"\">Poklon paket<\/td>\n                    <td style=\"\">Dajana \u0160inik, Gradi\u0161ka<\/td>\n            <\/tr>\n            <tr id=\"table_1_row_101\">\n                    <td style=\"\">Poklon paket<\/td>\n                    <td style=\"\">Divna \u0106iri\u0107 Je\u0161i\u0107, Lakta\u0161i<\/td>\n            <\/tr>\n            <tr id=\"table_1_row_102\">\n                    <td style=\"\">Poklon paket<\/td>\n                    <td style=\"\">Sa\u0161ka Majki\u0107, Novi Grad<\/td>\n            <\/tr>\n            <tr id=\"table_1_row_103\">\n                    <td style=\"\">Poklon paket<\/td>\n                    <td style=\"\">Dragana Radovi\u0107, Vi\u0161egrad<\/td>\n            <\/tr>\n            <tr id=\"table_1_row_104\">\n                    <td style=\"\">Poklon paket<\/td>\n                    <td style=\"\">Vladimir Milakovi\u0107, Banja Luka<\/td>\n            <\/tr>\n            <tr id=\"table_1_row_105\">\n                    <td style=\"\">Poklon paket<\/td>\n                    <td style=\"\">Dragana Zlojutro, Gradi\u0161ka*<\/td>\n            <\/tr>\n            <tr id=\"table_1_row_106\">\n                    <td style=\"\">Poklon paket<\/td>\n                    <td style=\"\">Lazar Petkovi\u0107, Prijedor*<\/td>\n            <\/tr>\n            <tr id=\"table_1_row_107\">\n                    <td style=\"\">Poklon paket<\/td>\n                    <td style=\"\">Dragan Stojanovi\u0107, Doboj<\/td>\n            <\/tr>\n            <tr id=\"table_1_row_108\">\n                    <td style=\"\">Poklon paket<\/td>\n                    <td style=\"\">Pavle An\u0111eli\u0107, Vi\u0161egrad<\/td>\n            <\/tr>\n            <tr id=\"table_1_row_109\">\n                    <td style=\"\">Poklon paket<\/td>\n                    <td style=\"\">Igor Markovi\u0107, Zvornik*<\/td>\n            <\/tr>\n            <tr id=\"table_1_row_110\">\n                    <td style=\"\">Poklon paket<\/td>\n                    <td style=\"\">Vladimir Turja\u010danin, Gradi\u0161ka<\/td>\n            <\/tr>\n            <tr id=\"table_1_row_111\">\n                    <td style=\"\">Poklon paket<\/td>\n                    <td style=\"\">Aleksandar Crepulja, \u0160ipovo<\/td>\n            <\/tr>\n    <\/tbody>        <!-- \/Table body -->\n\n        \n    <\/table>\n\n        \n<\/div><style>\ntable.wpDataTable td.numdata { text-align: right !important; }\n<\/style>\n<\/div>\n\t\t\t\t<\/div>\n\t\t\t\t<\/div>\n\t\t\t\t\t<\/div>\n\t\t<\/div>\n\t\t\t\t\t<\/div>\n\t\t<\/section>\n\t\t\t\t<\/div>\n\t\t","protected":false},"excerpt":{"rendered":"<p>*verifikacija ra\u010duna u toku<\/p>\n","protected":false},"author":1,"featured_media":0,"parent":0,"menu_order":0,"comment_status":"closed","ping_status":"closed","template":"elementor_canvas","meta":{"footnotes":""},"class_list":["post-108","page","type-page","status-publish","hentry"],"_links":{"self":[{"href":"https:\/\/staropramennagradjuje.ba\/index.php\/wp-json\/wp\/v2\/pages\/108","targetHints":{"allow":["GET"]}}],"collection":[{"href":"https:\/\/staropramennagradjuje.ba\/index.php\/wp-json\/wp\/v2\/pages"}],"about":[{"href":"https:\/\/staropramennagradjuje.ba\/index.php\/wp-json\/wp\/v2\/types\/page"}],"author":[{"embeddable":true,"href":"https:\/\/staropramennagradjuje.ba\/index.php\/wp-json\/wp\/v2\/users\/1"}],"replies":[{"embeddable":true,"href":"https:\/\/staropramennagradjuje.ba\/index.php\/wp-json\/wp\/v2\/comments?post=108"}],"version-history":[{"count":13,"href":"https:\/\/staropramennagradjuje.ba\/index.php\/wp-json\/wp\/v2\/pages\/108\/revisions"}],"predecessor-version":[{"id":209,"href":"https:\/\/staropramennagradjuje.ba\/index.php\/wp-json\/wp\/v2\/pages\/108\/revisions\/209"}],"wp:attachment":[{"href":"https:\/\/staropramennagradjuje.ba\/index.php\/wp-json\/wp\/v2\/media?parent=108"}],"curies":[{"name":"wp","href":"https:\/\/api.w.org\/{rel}","templated":true}]}}